{"id":574,"date":"2021-02-23T10:03:28","date_gmt":"2021-02-23T13:03:28","guid":{"rendered":"https:\/\/kosmosti.com.br\/index.php\/home\/"},"modified":"2024-02-20T15:10:40","modified_gmt":"2024-02-20T18:10:40","slug":"home","status":"publish","type":"page","link":"https:\/\/kosmosti.com.br\/","title":{"rendered":"TI"},"content":{"rendered":"\t\t<div data-elementor-type=\"wp-page\" data-elementor-id=\"574\" class=\"elementor elementor-574\">\n\t\t\t\t\t\t<section class=\"elementor-section elementor-top-section elementor-element elementor-element-8b31366 elementor-section-boxed elementor-section-height-default elementor-section-height-default\" data-id=\"8b31366\" data-element_type=\"section\">\n\t\t\t\t\t\t<div class=\"elementor-container elementor-column-gap-default\">\n\t\t\t\t\t<div class=\"elementor-column elementor-col-100 elementor-top-column elementor-element elementor-element-95bb635\" data-id=\"95bb635\" data-element_type=\"column\">\n\t\t\t<div class=\"elementor-widget-wrap\">\n\t\t\t\t\t\t\t<\/div>\n\t\t<\/div>\n\t\t\t\t\t<\/div>\n\t\t<\/section>\n\t\t\t\t<section class=\"elementor-section elementor-top-section elementor-element elementor-element-0edef81 elementor-section-height-min-height elementor-section-boxed elementor-section-height-default elementor-section-items-middle\" data-id=\"0edef81\" data-element_type=\"section\" data-settings=\"{&quot;background_background&quot;:&quot;slideshow&quot;,&quot;background_slideshow_gallery&quot;:[{&quot;id&quot;:725,&quot;url&quot;:&quot;https:\\\/\\\/kosmosti.com.br\\\/wp-content\\\/uploads\\\/2022\\\/03\\\/tecnologia.png&quot;},{&quot;id&quot;:642,&quot;url&quot;:&quot;https:\\\/\\\/kosmosti.com.br\\\/wp-content\\\/uploads\\\/2022\\\/03\\\/consultoria-de-ti-1.png&quot;},{&quot;id&quot;:990,&quot;url&quot;:&quot;https:\\\/\\\/kosmosti.com.br\\\/wp-content\\\/uploads\\\/2023\\\/01\\\/BD_Oracle_Cloud.jpg&quot;}],&quot;background_slideshow_transition_duration&quot;:10,&quot;background_slideshow_ken_burns&quot;:&quot;yes&quot;,&quot;background_slideshow_loop&quot;:&quot;yes&quot;,&quot;background_slideshow_slide_duration&quot;:5000,&quot;background_slideshow_slide_transition&quot;:&quot;fade&quot;,&quot;background_slideshow_ken_burns_zoom_direction&quot;:&quot;in&quot;}\">\n\t\t\t\t\t\t\t<div class=\"elementor-background-overlay\"><\/div>\n\t\t\t\t\t\t\t<div class=\"elementor-container elementor-column-gap-no\">\n\t\t\t\t\t<div class=\"elementor-column elementor-col-100 elementor-top-column elementor-element elementor-element-5cb224a\" data-id=\"5cb224a\" data-element_type=\"column\">\n\t\t\t<div class=\"elementor-widget-wrap\">\n\t\t\t\t\t\t\t<\/div>\n\t\t<\/div>\n\t\t\t\t\t<\/div>\n\t\t<\/section>\n\t\t\t\t<section class=\"elementor-section elementor-top-section elementor-element elementor-element-389c71e elementor-section-boxed elementor-section-height-default elementor-section-height-default\" data-id=\"389c71e\" data-element_type=\"section\" data-settings=\"{&quot;background_background&quot;:&quot;classic&quot;}\">\n\t\t\t\t\t\t<div class=\"elementor-container elementor-column-gap-default\">\n\t\t\t\t\t<div class=\"elementor-column elementor-col-33 elementor-top-column elementor-element elementor-element-7811b71\" data-id=\"7811b71\" data-element_type=\"column\">\n\t\t\t<div class=\"elementor-widget-wrap elementor-element-populated\">\n\t\t\t\t\t\t<div class=\"elementor-element elementor-element-b1e2be5 elementor-widget elementor-widget-image\" data-id=\"b1e2be5\" data-element_type=\"widget\" data-widget_type=\"image.default\">\n\t\t\t\t<div class=\"elementor-widget-container\">\n\t\t\t\t\t\t\t\t\t\t\t\t\t\t\t<img fetchpriority=\"high\" decoding=\"async\" width=\"224\" height=\"225\" src=\"https:\/\/kosmosti.com.br\/wp-content\/uploads\/2022\/03\/images-1.png\" class=\"attachment-large size-large wp-image-827\" alt=\"\" srcset=\"https:\/\/kosmosti.com.br\/wp-content\/uploads\/2022\/03\/images-1.png 224w, https:\/\/kosmosti.com.br\/wp-content\/uploads\/2022\/03\/images-1-150x150.png 150w\" sizes=\"(max-width: 224px) 100vw, 224px\" \/>\t\t\t\t\t\t\t\t\t\t\t\t\t\t\t<\/div>\n\t\t\t\t<\/div>\n\t\t\t\t<div class=\"elementor-element elementor-element-1ec4345 elementor-widget elementor-widget-text-editor\" data-id=\"1ec4345\" data-element_type=\"widget\" data-widget_type=\"text-editor.default\">\n\t\t\t\t<div class=\"elementor-widget-container\">\n\t\t\t\t\t\t\t\t\t<span style=\"color: #000000; font-family: Arial; font-size: large; font-weight: 500;\">Ser uma organiza\u00e7\u00e3o socialmente respons\u00e1vel, sustent\u00e1vel, lucrativa, dedicada \u00e0 presta\u00e7\u00e3o de servi\u00e7os, capaz de oferecer solu\u00e7\u00f5es tecnol\u00f3gicas e inovadoras para nossos clientes.<\/span>\t\t\t\t\t\t\t\t<\/div>\n\t\t\t\t<\/div>\n\t\t\t\t\t<\/div>\n\t\t<\/div>\n\t\t\t\t<div class=\"elementor-column elementor-col-33 elementor-top-column elementor-element elementor-element-3ffbb8f\" data-id=\"3ffbb8f\" data-element_type=\"column\">\n\t\t\t<div class=\"elementor-widget-wrap elementor-element-populated\">\n\t\t\t\t\t\t<div class=\"elementor-element elementor-element-fab626c elementor-widget elementor-widget-image\" data-id=\"fab626c\" data-element_type=\"widget\" data-widget_type=\"image.default\">\n\t\t\t\t<div class=\"elementor-widget-container\">\n\t\t\t\t\t\t\t\t\t\t\t\t\t\t\t<img decoding=\"async\" width=\"224\" height=\"225\" src=\"https:\/\/kosmosti.com.br\/wp-content\/uploads\/2022\/03\/visao.png\" class=\"attachment-large size-large wp-image-829\" alt=\"\" srcset=\"https:\/\/kosmosti.com.br\/wp-content\/uploads\/2022\/03\/visao.png 224w, https:\/\/kosmosti.com.br\/wp-content\/uploads\/2022\/03\/visao-150x150.png 150w\" sizes=\"(max-width: 224px) 100vw, 224px\" \/>\t\t\t\t\t\t\t\t\t\t\t\t\t\t\t<\/div>\n\t\t\t\t<\/div>\n\t\t\t\t<div class=\"elementor-element elementor-element-2dc8cd5 elementor-widget elementor-widget-text-editor\" data-id=\"2dc8cd5\" data-element_type=\"widget\" data-widget_type=\"text-editor.default\">\n\t\t\t\t<div class=\"elementor-widget-container\">\n\t\t\t\t\t\t\t\t\t<span style=\"color: black; font-family: Arial; font-size: large;\">Promover a excel\u00eancia na presta\u00e7\u00e3o de servi\u00e7os pautada na inova\u00e7\u00e3o tecnol\u00f3gica, respeitando o ser humano e o meio ambiente.<\/span>\t\t\t\t\t\t\t\t<\/div>\n\t\t\t\t<\/div>\n\t\t\t\t\t<\/div>\n\t\t<\/div>\n\t\t\t\t<div class=\"elementor-column elementor-col-33 elementor-top-column elementor-element elementor-element-eb03df5\" data-id=\"eb03df5\" data-element_type=\"column\">\n\t\t\t<div class=\"elementor-widget-wrap elementor-element-populated\">\n\t\t\t\t\t\t<div class=\"elementor-element elementor-element-3d79bc4 elementor-widget elementor-widget-image\" data-id=\"3d79bc4\" data-element_type=\"widget\" data-widget_type=\"image.default\">\n\t\t\t\t<div class=\"elementor-widget-container\">\n\t\t\t\t\t\t\t\t\t\t\t\t\t\t\t<img decoding=\"async\" width=\"224\" height=\"225\" src=\"https:\/\/kosmosti.com.br\/wp-content\/uploads\/2022\/03\/images.png\" class=\"attachment-large size-large wp-image-828\" alt=\"\" srcset=\"https:\/\/kosmosti.com.br\/wp-content\/uploads\/2022\/03\/images.png 224w, https:\/\/kosmosti.com.br\/wp-content\/uploads\/2022\/03\/images-150x150.png 150w\" sizes=\"(max-width: 224px) 100vw, 224px\" \/>\t\t\t\t\t\t\t\t\t\t\t\t\t\t\t<\/div>\n\t\t\t\t<\/div>\n\t\t\t\t<div class=\"elementor-element elementor-element-85d6acf elementor-widget elementor-widget-text-editor\" data-id=\"85d6acf\" data-element_type=\"widget\" data-widget_type=\"text-editor.default\">\n\t\t\t\t<div class=\"elementor-widget-container\">\n\t\t\t\t\t\t\t\t\t<span style=\"color: black; font-family: Arial; font-size: large;\">\u00c9tica: Integridade e transpar\u00eancia;\nInova\u00e7\u00e3o:\u00a0Solu\u00e7\u00f5es para produtos, servi\u00e7os e processos;\nDesenvolvimento sustent\u00e1vel: Gest\u00e3o minimalista, redu\u00e7\u00e3o de investimentos, entrega de projetos no menor tempo poss\u00edvel, praticamos TI verde. <\/span>\t\t\t\t\t\t\t\t<\/div>\n\t\t\t\t<\/div>\n\t\t\t\t\t<\/div>\n\t\t<\/div>\n\t\t\t\t\t<\/div>\n\t\t<\/section>\n\t\t\t\t<section class=\"elementor-section elementor-top-section elementor-element elementor-element-3150df4 elementor-section-boxed elementor-section-height-default elementor-section-height-default\" data-id=\"3150df4\" data-element_type=\"section\" data-settings=\"{&quot;background_background&quot;:&quot;classic&quot;}\">\n\t\t\t\t\t\t<div class=\"elementor-container elementor-column-gap-default\">\n\t\t\t\t\t<div class=\"elementor-column elementor-col-100 elementor-top-column elementor-element elementor-element-ae2da2c\" data-id=\"ae2da2c\" data-element_type=\"column\">\n\t\t\t<div class=\"elementor-widget-wrap elementor-element-populated\">\n\t\t\t\t\t\t<div class=\"elementor-element elementor-element-d689fdb elementor-widget elementor-widget-image\" data-id=\"d689fdb\" data-element_type=\"widget\" data-widget_type=\"image.default\">\n\t\t\t\t<div class=\"elementor-widget-container\">\n\t\t\t\t\t\t\t\t\t\t\t\t\t\t\t<img loading=\"lazy\" decoding=\"async\" width=\"476\" height=\"88\" src=\"https:\/\/kosmosti.com.br\/wp-content\/uploads\/2023\/01\/O-QUE-FAZEMOS.png\" class=\"attachment-large size-large wp-image-1017\" alt=\"\" srcset=\"https:\/\/kosmosti.com.br\/wp-content\/uploads\/2023\/01\/O-QUE-FAZEMOS.png 476w, https:\/\/kosmosti.com.br\/wp-content\/uploads\/2023\/01\/O-QUE-FAZEMOS-300x55.png 300w\" sizes=\"(max-width: 476px) 100vw, 476px\" \/>\t\t\t\t\t\t\t\t\t\t\t\t\t\t\t<\/div>\n\t\t\t\t<\/div>\n\t\t\t\t\t<\/div>\n\t\t<\/div>\n\t\t\t\t\t<\/div>\n\t\t<\/section>\n\t\t\t\t<section class=\"elementor-section elementor-top-section elementor-element elementor-element-10cff54 elementor-section-boxed elementor-section-height-default elementor-section-height-default\" data-id=\"10cff54\" data-element_type=\"section\" data-settings=\"{&quot;background_background&quot;:&quot;classic&quot;}\">\n\t\t\t\t\t\t<div class=\"elementor-container elementor-column-gap-default\">\n\t\t\t\t\t<div class=\"elementor-column elementor-col-100 elementor-top-column elementor-element elementor-element-e678e81\" data-id=\"e678e81\" data-element_type=\"column\">\n\t\t\t<div class=\"elementor-widget-wrap elementor-element-populated\">\n\t\t\t\t\t\t<div class=\"elementor-element elementor-element-be64cc9 elementor-arrows-position-inside elementor-pagination-position-outside elementor-widget elementor-widget-image-carousel\" data-id=\"be64cc9\" data-element_type=\"widget\" data-settings=\"{&quot;navigation&quot;:&quot;both&quot;,&quot;autoplay&quot;:&quot;yes&quot;,&quot;pause_on_hover&quot;:&quot;yes&quot;,&quot;pause_on_interaction&quot;:&quot;yes&quot;,&quot;autoplay_speed&quot;:5000,&quot;infinite&quot;:&quot;yes&quot;,&quot;speed&quot;:500}\" data-widget_type=\"image-carousel.default\">\n\t\t\t\t<div class=\"elementor-widget-container\">\n\t\t\t\t\t\t\t<div class=\"elementor-image-carousel-wrapper swiper\" role=\"region\" aria-roledescription=\"carousel\" aria-label=\"Carrossel de imagens\" dir=\"ltr\">\n\t\t\t<div class=\"elementor-image-carousel swiper-wrapper\" aria-live=\"off\">\n\t\t\t\t\t\t\t\t<div class=\"swiper-slide\" role=\"group\" aria-roledescription=\"slide\" aria-label=\"1 de 5\"><figure class=\"swiper-slide-inner\"><img decoding=\"async\" class=\"swiper-slide-image\" src=\"https:\/\/kosmosti.com.br\/wp-content\/uploads\/2023\/01\/KOSMOSTI002-768x768.jpeg\" alt=\"KOSMOSTI002\" \/><\/figure><\/div><div class=\"swiper-slide\" role=\"group\" aria-roledescription=\"slide\" aria-label=\"2 de 5\"><figure class=\"swiper-slide-inner\"><img decoding=\"async\" class=\"swiper-slide-image\" src=\"https:\/\/kosmosti.com.br\/wp-content\/uploads\/2023\/01\/KOSMOSTI001-768x768.jpeg\" alt=\"KOSMOSTI001\" \/><\/figure><\/div><div class=\"swiper-slide\" role=\"group\" aria-roledescription=\"slide\" aria-label=\"3 de 5\"><figure class=\"swiper-slide-inner\"><img decoding=\"async\" class=\"swiper-slide-image\" src=\"https:\/\/kosmosti.com.br\/wp-content\/uploads\/2023\/01\/KOSMOSTI007-768x768.jpeg\" alt=\"KOSMOSTI007\" \/><\/figure><\/div><div class=\"swiper-slide\" role=\"group\" aria-roledescription=\"slide\" aria-label=\"4 de 5\"><figure class=\"swiper-slide-inner\"><img decoding=\"async\" class=\"swiper-slide-image\" src=\"https:\/\/kosmosti.com.br\/wp-content\/uploads\/2023\/01\/KOSMOSTI003-768x768.jpeg\" alt=\"KOSMOSTI003\" \/><\/figure><\/div><div class=\"swiper-slide\" role=\"group\" aria-roledescription=\"slide\" aria-label=\"5 de 5\"><figure class=\"swiper-slide-inner\"><img decoding=\"async\" class=\"swiper-slide-image\" src=\"https:\/\/kosmosti.com.br\/wp-content\/uploads\/2023\/01\/KOSMOSTI004-768x768.jpeg\" alt=\"KOSMOSTI004\" \/><\/figure><\/div>\t\t\t<\/div>\n\t\t\t\t\t\t\t\t\t\t\t\t<div class=\"elementor-swiper-button elementor-swiper-button-prev\" role=\"button\" tabindex=\"0\">\n\t\t\t\t\t\t<i aria-hidden=\"true\" class=\"eicon-chevron-left\"><\/i>\t\t\t\t\t<\/div>\n\t\t\t\t\t<div class=\"elementor-swiper-button elementor-swiper-button-next\" role=\"button\" tabindex=\"0\">\n\t\t\t\t\t\t<i aria-hidden=\"true\" class=\"eicon-chevron-right\"><\/i>\t\t\t\t\t<\/div>\n\t\t\t\t\n\t\t\t\t\t\t\t\t\t<div class=\"swiper-pagination\"><\/div>\n\t\t\t\t\t\t\t\t\t<\/div>\n\t\t\t\t\t\t<\/div>\n\t\t\t\t<\/div>\n\t\t\t\t\t<\/div>\n\t\t<\/div>\n\t\t\t\t\t<\/div>\n\t\t<\/section>\n\t\t\t\t<section class=\"elementor-section elementor-top-section elementor-element elementor-element-60fcb7e elementor-section-boxed elementor-section-height-default elementor-section-height-default\" data-id=\"60fcb7e\" data-element_type=\"section\" data-settings=\"{&quot;background_background&quot;:&quot;classic&quot;}\">\n\t\t\t\t\t\t<div class=\"elementor-container elementor-column-gap-default\">\n\t\t\t\t\t<div class=\"elementor-column elementor-col-100 elementor-top-column elementor-element elementor-element-1731716\" data-id=\"1731716\" data-element_type=\"column\">\n\t\t\t<div class=\"elementor-widget-wrap elementor-element-populated\">\n\t\t\t\t\t\t<div class=\"elementor-element elementor-element-a67a377 elementor-widget elementor-widget-image\" data-id=\"a67a377\" data-element_type=\"widget\" data-widget_type=\"image.default\">\n\t\t\t\t<div class=\"elementor-widget-container\">\n\t\t\t\t\t\t\t\t\t\t\t\t\t\t\t<img loading=\"lazy\" decoding=\"async\" width=\"1634\" height=\"834\" src=\"https:\/\/kosmosti.com.br\/wp-content\/uploads\/2023\/01\/servicokosmos-1.png\" class=\"attachment-full size-full wp-image-1053\" alt=\"\" srcset=\"https:\/\/kosmosti.com.br\/wp-content\/uploads\/2023\/01\/servicokosmos-1.png 1634w, https:\/\/kosmosti.com.br\/wp-content\/uploads\/2023\/01\/servicokosmos-1-300x153.png 300w, https:\/\/kosmosti.com.br\/wp-content\/uploads\/2023\/01\/servicokosmos-1-1024x523.png 1024w, https:\/\/kosmosti.com.br\/wp-content\/uploads\/2023\/01\/servicokosmos-1-768x392.png 768w, https:\/\/kosmosti.com.br\/wp-content\/uploads\/2023\/01\/servicokosmos-1-1536x784.png 1536w\" sizes=\"(max-width: 1634px) 100vw, 1634px\" \/>\t\t\t\t\t\t\t\t\t\t\t\t\t\t\t<\/div>\n\t\t\t\t<\/div>\n\t\t\t\t\t<\/div>\n\t\t<\/div>\n\t\t\t\t\t<\/div>\n\t\t<\/section>\n\t\t\t\t<section class=\"elementor-section elementor-top-section elementor-element elementor-element-0d43ea2 elementor-section-boxed elementor-section-height-default elementor-section-height-default\" data-id=\"0d43ea2\" data-element_type=\"section\">\n\t\t\t\t\t\t<div class=\"elementor-container elementor-column-gap-default\">\n\t\t\t\t\t<div class=\"elementor-column elementor-col-100 elementor-top-column elementor-element elementor-element-8475a45\" data-id=\"8475a45\" data-element_type=\"column\">\n\t\t\t<div class=\"elementor-widget-wrap\">\n\t\t\t\t\t\t\t<\/div>\n\t\t<\/div>\n\t\t\t\t\t<\/div>\n\t\t<\/section>\n\t\t\t\t<section class=\"elementor-section elementor-top-section elementor-element elementor-element-2914d55 elementor-section-boxed elementor-section-height-default elementor-section-height-default\" data-id=\"2914d55\" data-element_type=\"section\">\n\t\t\t\t\t\t<div class=\"elementor-container elementor-column-gap-default\">\n\t\t\t\t\t<div class=\"elementor-column elementor-col-100 elementor-top-column elementor-element elementor-element-cba9c3c\" data-id=\"cba9c3c\" data-element_type=\"column\">\n\t\t\t<div class=\"elementor-widget-wrap elementor-element-populated\">\n\t\t\t\t\t\t<div class=\"elementor-element elementor-element-b9012b9 elementor-widget elementor-widget-html\" data-id=\"b9012b9\" data-element_type=\"widget\" data-widget_type=\"html.default\">\n\t\t\t\t<div class=\"elementor-widget-container\">\n\t\t\t\t\t<!DOCTYPE html>\r\n<html lang=\"pt-br\">\r\n<head>\r\n    <meta charset=\"UTF-8\">\r\n    <meta http-equiv=\"Content-Language\" content=\"pt-br, en, fr, it\">\r\n    <meta name=\"viewport\" content=\"width=device-width, initial-scale=1.0\">\r\n    <title>Cookies<\/title>\r\n <style>\r\n        .caixa-cookie {\r\n           \/* position: fixed;\r\n            top: 62%;\r\n            left: 80%;\r\n            transform: translate(-50%);*\/\r\n                        position: fixed;\r\n    bottom: 3%;\r\n    left: 85%;\r\n    transform: translateX(-60%);\r\n            background-color: #fff;\r\n            color: #000000;\r\n            padding: 25px;\r\n            text-align: center;\r\n            z-index: 1000;\r\n            border: 3px solid #00882d;\r\n            border-radius: 10px;\r\n           \r\n        }\r\n        .caixa-cookie .botoes {\r\n            display: flex;\r\n            justify-content: center;\r\n        }\r\n        .caixa-cookie .button {\r\n            color: #fff;\r\n            padding: 10px 20px;\r\n            border-radius: 5px;\r\n            cursor: pointer;\r\n            margin: 10px;\r\n            margin-top: 15px;\r\n        }\r\n        .caixa-cookie .links {\r\n            margin-top: 25px;\r\n            font-family: 'Arial', sans-serif;\r\n        }\r\n        .caixa-cookie .links a {\r\n            color: #000000;\r\n            text-decoration: none;\r\n            margin: 0 20px; \/* Ajuste a margem conforme necess\u00e1rio *\/\r\n        }\r\n        .caixa-cookie .links a:hover {\r\n            text-decoration: underline;\r\n        }\r\n        .caixa-cookie h1 {\r\n            text-align: left;\r\n            font-size: 24px; \r\n            margin-top: -25px;\r\n            font-family: 'Arial', sans-serif;\r\n        }\r\n        #aceitarCookies{\r\n            background-color: darkgreen;\r\n        }\r\n        #aceitarCookies:hover{\r\n            background-color: #00882d;\r\n        }\r\n        #rejeitarCookies{\r\n            background-color: rgb(7, 56, 92);\r\n        }\r\n        #rejeitarCookies:hover{\r\n            background-color: rgb(7, 56, 92);\r\n        }\r\n        .caixa-cookie p{\r\n            text-align: justify;\r\n            font-family: 'Arial', sans-serif;\r\n        }\r\n\r\n        .privacidade,\r\n        .termos {\r\n            margin-top: 1vw; \/* Utilizando unidades relativas para garantir responsividade *\/\r\n        }\r\n        .overlay {\r\n             display: none;\r\n        }\r\n    <\/style>\r\n<\/head>\r\n<body>                \r\n    <div class=\"overlay\" id=\"overlay\">\r\n        <div class=\"caixa-cookie\">\r\n            <br>\r\n            <h1>Este site usa Cookies<\/h1>\r\n            <br>\r\n            <p>Este site utiliza cookies para te proporcionar uma melhor experi\u00eancia. \r\n                Informamos que n\u00e3o coletamos dados pessoais. \r\n                Saiba mais sobre nossas Pol\u00edticas de Privacidade LGPD - Lei Geral de Prote\u00e7\u00e3o de Dados. \r\n                Ao clicar em \"Aceitar todos os cookies\", voc\u00ea concorda que seu dispositivo pode \r\n                armazenar cookies de nosso site.<\/p>\r\n            <br>\r\n            <!-- bot\u00f5es -->\r\n            <div class=\"botoes\">\r\n                <button class=\"button\" id=\"aceitarCookies\">ACEITAR TODOS OS COOKIES<\/button>\r\n                <button class=\"button\" id=\"rejeitarCookies\">REJEITAR COOKIES, N\u00c3O NECESS\u00c1RIOS<\/button>\r\n            <\/div>\r\n            <div class=\"links\">\r\n                <div class=\"privacidade\">\r\n                    <a href=\"https:\/\/www.doroteiasbrasil.org\/lgpd\" target=\"_blank\">Pol\u00edticas de privacidade<\/a>\r\n                <\/div>\r\n                <div class=\"termos\">\r\n                    <a href=\"https:\/\/doroteiasbrasil.org\/lgpd\/wp-content\/uploads\/2022\/12\/221220_TM_003_Termo_de_Uso_de_Cookies_v1.1.pdf\" target=\"_blank\">Termos de uso<\/a>\r\n                <\/div>\r\n            <\/div>\r\n        <\/div>\r\n    <\/div>\r\n\r\n    <script>\r\n        document.addEventListener('DOMContentLoaded', function () {\r\n        function checarcookies() {\r\n            var userChoice = localStorage.getItem('userChoice');\r\n    \r\n            if (userChoice == 'aceitar' || userChoice == 'recusar') {\r\n                var overlay = document.getElementById('overlay');\r\n                overlay.style.display = 'none';\r\n            }\r\n        }\r\n    \r\n        var userChoice = localStorage.getItem('userChoice');\r\n        console.log(userChoice);\r\n        \r\n        if (userChoice == null) {\r\n            console.log('nulo');\r\n            var overlay = document.getElementById('overlay');\r\n            overlay.style.display = 'block';\r\n        }\r\n    \r\n        var aceitarCookiesBtn = document.getElementById('aceitarCookies');\r\n        var rejeitarCookiesBtn = document.getElementById('rejeitarCookies');\r\n    \r\n        aceitarCookiesBtn.addEventListener('click', function () {\r\n            overlay.style.display = 'none';\r\n            localStorage.setItem('userChoice', 'aceitar');\r\n        });\r\n    \r\n        rejeitarCookiesBtn.addEventListener('click', function () {\r\n            overlay.style.display = 'none';\r\n            localStorage.setItem('userChoice', 'recusar');\r\n        });\r\n    \r\n        checarcookies();\r\n});\r\n            \r\n    <\/script>\r\n<\/body>\r\n<\/html>\t\t\t\t<\/div>\n\t\t\t\t<\/div>\n\t\t\t\t\t<\/div>\n\t\t<\/div>\n\t\t\t\t\t<\/div>\n\t\t<\/section>\n\t\t\t\t<\/div>\n\t\t","protected":false},"excerpt":{"rendered":"<p>Ser uma organiza\u00e7\u00e3o socialmente respons\u00e1vel, sustent\u00e1vel, lucrativa, dedicada \u00e0 presta\u00e7\u00e3o de servi\u00e7os, capaz de oferecer solu\u00e7\u00f5es tecnol\u00f3gicas e inovadoras para nossos clientes. Promover a excel\u00eancia na presta\u00e7\u00e3o de servi\u00e7os pautada na inova\u00e7\u00e3o tecnol\u00f3gica, respeitando o ser humano e o meio ambiente. \u00c9tica: Integridade e transpar\u00eancia; Inova\u00e7\u00e3o:\u00a0Solu\u00e7\u00f5es para produtos, servi\u00e7os e processos; Desenvolvimento sustent\u00e1vel: Gest\u00e3o minimalista, [&hellip;]<\/p>\n","protected":false},"author":1,"featured_media":1080,"parent":0,"menu_order":0,"comment_status":"closed","ping_status":"closed","template":"","meta":{"_monsterinsights_skip_tracking":false,"_monsterinsights_sitenote_active":false,"_monsterinsights_sitenote_note":"","_monsterinsights_sitenote_category":0,"site-sidebar-layout":"no-sidebar","site-content-layout":"page-builder","ast-site-content-layout":"default","site-content-style":"default","site-sidebar-style":"default","ast-global-header-display":"","ast-banner-title-visibility":"","ast-main-header-display":"","ast-hfb-above-header-display":"","ast-hfb-below-header-display":"","ast-hfb-mobile-header-display":"","site-post-title":"disabled","ast-breadcrumbs-content":"disabled","ast-featured-img":"disabled","footer-sml-layout":"","theme-transparent-header-meta":"enabled","adv-header-id-meta":"","stick-header-meta":"","header-above-stick-meta":"","header-main-stick-meta":"","header-below-stick-meta":"","astra-migrate-meta-layouts":"default","ast-page-background-enabled":"default","ast-page-background-meta":{"desktop":{"background-color":"","background-image":"","background-repeat":"repeat","background-position":"center center","background-size":"auto","background-attachment":"scroll","background-type":"","background-media":"","overlay-type":"","overlay-color":"","overlay-opacity":"","overlay-gradient":""},"tablet":{"background-color":"","background-image":"","background-repeat":"repeat","background-position":"center center","background-size":"auto","background-attachment":"scroll","background-type":"","background-media":"","overlay-type":"","overlay-color":"","overlay-opacity":"","overlay-gradient":""},"mobile":{"background-color":"","background-image":"","background-repeat":"repeat","background-position":"center center","background-size":"auto","background-attachment":"scroll","background-type":"","background-media":"","overlay-type":"","overlay-color":"","overlay-opacity":"","overlay-gradient":""}},"ast-content-background-meta":{"desktop":{"background-color":"var(--ast-global-color-5)","background-image":"","background-repeat":"repeat","background-position":"center center","background-size":"auto","background-attachment":"scroll","background-type":"","background-media":"","overlay-type":"","overlay-color":"","overlay-opacity":"","overlay-gradient":""},"tablet":{"background-color":"var(--ast-global-color-5)","background-image":"","background-repeat":"repeat","background-position":"center center","background-size":"auto","background-attachment":"scroll","background-type":"","background-media":"","overlay-type":"","overlay-color":"","overlay-opacity":"","overlay-gradient":""},"mobile":{"background-color":"var(--ast-global-color-5)","background-image":"","background-repeat":"repeat","background-position":"center center","background-size":"auto","background-attachment":"scroll","background-type":"","background-media":"","overlay-type":"","overlay-color":"","overlay-opacity":"","overlay-gradient":""}},"footnotes":""},"class_list":["post-574","page","type-page","status-publish","has-post-thumbnail","hentry"],"aioseo_notices":[],"_links":{"self":[{"href":"https:\/\/kosmosti.com.br\/index.php\/wp-json\/wp\/v2\/pages\/574","targetHints":{"allow":["GET"]}}],"collection":[{"href":"https:\/\/kosmosti.com.br\/index.php\/wp-json\/wp\/v2\/pages"}],"about":[{"href":"https:\/\/kosmosti.com.br\/index.php\/wp-json\/wp\/v2\/types\/page"}],"author":[{"embeddable":true,"href":"https:\/\/kosmosti.com.br\/index.php\/wp-json\/wp\/v2\/users\/1"}],"replies":[{"embeddable":true,"href":"https:\/\/kosmosti.com.br\/index.php\/wp-json\/wp\/v2\/comments?post=574"}],"version-history":[{"count":298,"href":"https:\/\/kosmosti.com.br\/index.php\/wp-json\/wp\/v2\/pages\/574\/revisions"}],"predecessor-version":[{"id":1129,"href":"https:\/\/kosmosti.com.br\/index.php\/wp-json\/wp\/v2\/pages\/574\/revisions\/1129"}],"wp:featuredmedia":[{"embeddable":true,"href":"https:\/\/kosmosti.com.br\/index.php\/wp-json\/wp\/v2\/media\/1080"}],"wp:attachment":[{"href":"https:\/\/kosmosti.com.br\/index.php\/wp-json\/wp\/v2\/media?parent=574"}],"curies":[{"name":"wp","href":"https:\/\/api.w.org\/{rel}","templated":true}]}}