{"id":1212,"date":"2024-06-04T11:14:45","date_gmt":"2024-06-04T14:14:45","guid":{"rendered":"https:\/\/kosmosti.com.br\/?page_id=1212"},"modified":"2024-06-04T16:06:35","modified_gmt":"2024-06-04T19:06:35","slug":"ti-com-certificados","status":"publish","type":"page","link":"https:\/\/kosmosti.com.br\/index.php\/ti-com-certificados\/","title":{"rendered":"Login Certificados"},"content":{"rendered":"\t\t<div data-elementor-type=\"wp-page\" data-elementor-id=\"1212\" class=\"elementor elementor-1212\">\n\t\t\t\t\t\t<section class=\"elementor-section elementor-top-section elementor-element elementor-element-1a4b677 elementor-section-boxed elementor-section-height-default elementor-section-height-default\" data-id=\"1a4b677\" data-element_type=\"section\">\n\t\t\t\t\t\t<div class=\"elementor-container elementor-column-gap-default\">\n\t\t\t\t\t<div class=\"elementor-column elementor-col-100 elementor-top-column elementor-element elementor-element-9b33d79\" data-id=\"9b33d79\" data-element_type=\"column\">\n\t\t\t<div class=\"elementor-widget-wrap\">\n\t\t\t\t\t\t\t<\/div>\n\t\t<\/div>\n\t\t\t\t\t<\/div>\n\t\t<\/section>\n\t\t\t\t<section class=\"elementor-section elementor-top-section elementor-element elementor-element-35bb2be elementor-section-boxed elementor-section-height-default elementor-section-height-default\" data-id=\"35bb2be\" data-element_type=\"section\">\n\t\t\t\t\t\t<div class=\"elementor-container elementor-column-gap-default\">\n\t\t\t\t\t<div class=\"elementor-column elementor-col-100 elementor-top-column elementor-element elementor-element-a5daf23\" data-id=\"a5daf23\" data-element_type=\"column\">\n\t\t\t<div class=\"elementor-widget-wrap\">\n\t\t\t\t\t\t\t<\/div>\n\t\t<\/div>\n\t\t\t\t\t<\/div>\n\t\t<\/section>\n\t\t\t\t<section class=\"elementor-section elementor-top-section elementor-element elementor-element-0d43ea2 elementor-section-boxed elementor-section-height-default elementor-section-height-default\" data-id=\"0d43ea2\" data-element_type=\"section\">\n\t\t\t\t\t\t<div class=\"elementor-container elementor-column-gap-default\">\n\t\t\t\t\t<div class=\"elementor-column elementor-col-100 elementor-top-column elementor-element elementor-element-8475a45\" data-id=\"8475a45\" data-element_type=\"column\">\n\t\t\t<div class=\"elementor-widget-wrap\">\n\t\t\t\t\t\t\t<\/div>\n\t\t<\/div>\n\t\t\t\t\t<\/div>\n\t\t<\/section>\n\t\t\t\t<section class=\"elementor-section elementor-top-section elementor-element elementor-element-2914d55 elementor-section-boxed elementor-section-height-default elementor-section-height-default\" data-id=\"2914d55\" data-element_type=\"section\">\n\t\t\t\t\t\t<div class=\"elementor-container elementor-column-gap-default\">\n\t\t\t\t\t<div class=\"elementor-column elementor-col-100 elementor-top-column elementor-element elementor-element-cba9c3c\" data-id=\"cba9c3c\" data-element_type=\"column\">\n\t\t\t<div class=\"elementor-widget-wrap elementor-element-populated\">\n\t\t\t\t\t\t<div class=\"elementor-element elementor-element-b9012b9 elementor-widget elementor-widget-html\" data-id=\"b9012b9\" data-element_type=\"widget\" data-widget_type=\"html.default\">\n\t\t\t\t<div class=\"elementor-widget-container\">\n\t\t\t\t\t<!DOCTYPE html>\r\n<html lang=\"pt-br\">\r\n<head>\r\n    <meta charset=\"UTF-8\">\r\n    <meta http-equiv=\"Content-Language\" content=\"pt-br, en, fr, it\">\r\n    <meta name=\"viewport\" content=\"width=device-width, initial-scale=1.0\">\r\n    <title>Cookies<\/title>\r\n <style>\r\n        .caixa-cookie {\r\n           \/* position: fixed;\r\n            top: 62%;\r\n            left: 80%;\r\n            transform: translate(-50%);*\/\r\n                        position: fixed;\r\n    bottom: 3%;\r\n    left: 85%;\r\n    transform: translateX(-60%);\r\n            background-color: #fff;\r\n            color: #000000;\r\n            padding: 25px;\r\n            text-align: center;\r\n            z-index: 1000;\r\n            border: 3px solid #00882d;\r\n            border-radius: 10px;\r\n           \r\n        }\r\n        .caixa-cookie .botoes {\r\n            display: flex;\r\n            justify-content: center;\r\n        }\r\n        .caixa-cookie .button {\r\n            color: #fff;\r\n            padding: 10px 20px;\r\n            border-radius: 5px;\r\n            cursor: pointer;\r\n            margin: 10px;\r\n            margin-top: 15px;\r\n        }\r\n        .caixa-cookie .links {\r\n            margin-top: 25px;\r\n            font-family: 'Arial', sans-serif;\r\n        }\r\n        .caixa-cookie .links a {\r\n            color: #000000;\r\n            text-decoration: none;\r\n            margin: 0 20px; \/* Ajuste a margem conforme necess\u00e1rio *\/\r\n        }\r\n        .caixa-cookie .links a:hover {\r\n            text-decoration: underline;\r\n        }\r\n        .caixa-cookie h1 {\r\n            text-align: left;\r\n            font-size: 24px; \r\n            margin-top: -25px;\r\n            font-family: 'Arial', sans-serif;\r\n        }\r\n        #aceitarCookies{\r\n            background-color: darkgreen;\r\n        }\r\n        #aceitarCookies:hover{\r\n            background-color: #00882d;\r\n        }\r\n        #rejeitarCookies{\r\n            background-color: rgb(7, 56, 92);\r\n        }\r\n        #rejeitarCookies:hover{\r\n            background-color: rgb(7, 56, 92);\r\n        }\r\n        .caixa-cookie p{\r\n            text-align: justify;\r\n            font-family: 'Arial', sans-serif;\r\n        }\r\n\r\n        .privacidade,\r\n        .termos {\r\n            margin-top: 1vw; \/* Utilizando unidades relativas para garantir responsividade *\/\r\n        }\r\n        .overlay {\r\n             display: none;\r\n        }\r\n    <\/style>\r\n<\/head>\r\n<body>                \r\n    <div class=\"overlay\" id=\"overlay\">\r\n        <div class=\"caixa-cookie\">\r\n            <br>\r\n            <h1>Este site usa Cookies<\/h1>\r\n            <br>\r\n            <p>Este site utiliza cookies para te proporcionar uma melhor experi\u00eancia. \r\n                Informamos que n\u00e3o coletamos dados pessoais. \r\n                Saiba mais sobre nossas Pol\u00edticas de Privacidade LGPD - Lei Geral de Prote\u00e7\u00e3o de Dados. \r\n                Ao clicar em \"Aceitar todos os cookies\", voc\u00ea concorda que seu dispositivo pode \r\n                armazenar cookies de nosso site.<\/p>\r\n            <br>\r\n            <!-- bot\u00f5es -->\r\n            <div class=\"botoes\">\r\n                <button class=\"button\" id=\"aceitarCookies\">ACEITAR TODOS OS COOKIES<\/button>\r\n                <button class=\"button\" id=\"rejeitarCookies\">REJEITAR COOKIES, N\u00c3O NECESS\u00c1RIOS<\/button>\r\n            <\/div>\r\n            <div class=\"links\">\r\n                <div class=\"privacidade\">\r\n                    <a href=\"https:\/\/www.doroteiasbrasil.org\/lgpd\" target=\"_blank\">Pol\u00edticas de privacidade<\/a>\r\n                <\/div>\r\n                <div class=\"termos\">\r\n                    <a href=\"https:\/\/doroteiasbrasil.org\/lgpd\/wp-content\/uploads\/2022\/12\/221220_TM_003_Termo_de_Uso_de_Cookies_v1.1.pdf\" target=\"_blank\">Termos de uso<\/a>\r\n                <\/div>\r\n            <\/div>\r\n        <\/div>\r\n    <\/div>\r\n\r\n    <script>\r\n        document.addEventListener('DOMContentLoaded', function () {\r\n        function checarcookies() {\r\n            var userChoice = localStorage.getItem('userChoice');\r\n    \r\n            if (userChoice == 'aceitar' || userChoice == 'recusar') {\r\n                var overlay = document.getElementById('overlay');\r\n                overlay.style.display = 'none';\r\n            }\r\n        }\r\n    \r\n        var userChoice = localStorage.getItem('userChoice');\r\n        console.log(userChoice);\r\n        \r\n        if (userChoice == null) {\r\n            console.log('nulo');\r\n            var overlay = document.getElementById('overlay');\r\n            overlay.style.display = 'block';\r\n        }\r\n    \r\n        var aceitarCookiesBtn = document.getElementById('aceitarCookies');\r\n        var rejeitarCookiesBtn = document.getElementById('rejeitarCookies');\r\n    \r\n        aceitarCookiesBtn.addEventListener('click', function () {\r\n            overlay.style.display = 'none';\r\n            localStorage.setItem('userChoice', 'aceitar');\r\n        });\r\n    \r\n        rejeitarCookiesBtn.addEventListener('click', function () {\r\n            overlay.style.display = 'none';\r\n            localStorage.setItem('userChoice', 'recusar');\r\n        });\r\n    \r\n        checarcookies();\r\n});\r\n            \r\n    <\/script>\r\n<\/body>\r\n<\/html>\t\t\t\t<\/div>\n\t\t\t\t<\/div>\n\t\t\t\t\t<\/div>\n\t\t<\/div>\n\t\t\t\t\t<\/div>\n\t\t<\/section>\n\t\t\t\t<section class=\"elementor-section elementor-top-section elementor-element elementor-element-8e392fb elementor-section-boxed elementor-section-height-default elementor-section-height-default\" data-id=\"8e392fb\" data-element_type=\"section\">\n\t\t\t\t\t\t<div class=\"elementor-container elementor-column-gap-default\">\n\t\t\t\t\t<div class=\"elementor-column elementor-col-100 elementor-top-column elementor-element elementor-element-b9621e4\" data-id=\"b9621e4\" data-element_type=\"column\">\n\t\t\t<div class=\"elementor-widget-wrap elementor-element-populated\">\n\t\t\t\t\t\t<div class=\"elementor-element elementor-element-786127b elementor-widget__width-inherit elementor-widget elementor-widget-html\" data-id=\"786127b\" data-element_type=\"widget\" data-widget_type=\"html.default\">\n\t\t\t\t<div class=\"elementor-widget-container\">\n\t\t\t\t\t<!DOCTYPE html>\r\n<html lang=\"pt-br\">\r\n  <head>\r\n    <meta charset=\"UTF-8\" \/>\r\n    <meta name=\"viewport\" content=\"width=device-width, initial-scale=1.0\" \/>\r\n    <style>\r\n      @import url(\"https:\/\/fonts.googleapis.com\/css2?family=Roboto:ital,wght@0,100;0,300;0,400;0,500;0,700;0,900;1,100;1,300;1,400;1,500;1,700;1,900&display=swap\");\r\n\r\n      *{\r\n    margin: 0;\r\n    padding: 0;\r\n    box-sizing: border-box;\r\n}\r\n\r\n\/* celular *\/\r\n\r\n@media (max-width: 600px){\r\n\r\nmain{\r\n    width: 100%;\r\n    height: 100vh;\r\n    display: flex;\r\n    justify-content: center;\r\n    align-items: center;\r\n}\r\n\r\n.container-form{\r\n    display: flex;\r\n    justify-content: center;\r\n    width: 700px;\r\n}\r\n\r\n\r\n.my-form{\r\n    display: flex;\r\n    align-items: center;\r\n    flex-direction: column;\r\n    border: 3px solid #0039aa;\r\n    margin: 2rem;\r\n    border-radius: .8rem;\r\n}\r\n\r\n.my-form h1{\r\n    display: flex;\r\n    justify-content: center;\r\n    align-items: center;\r\n    padding: 2rem;\r\n    font-family: \"Roboto\", sans-serif;\r\n    color: #0039aa;\r\n    font-size: 1.3em;\r\n    width: 100%;\r\n}\r\n\r\n.email-input-attributes{\r\n    display: flex;\r\n    align-items: flex-start;\r\n    flex-direction: column;\r\n    margin-bottom: 2rem;\r\n    width: 100%;\r\n    margin-left: 60px;\r\n}\r\n\r\n.email-input-attributes label{\r\n    margin-bottom: .6rem;\r\n    color: #0039aa;\r\n    font-weight: bold;\r\n    font-size: 12px;\r\n    font-family: \"Roboto\", sans-serif;\r\n    width: 100px;\r\n    margin-left: 0;\r\n}\r\n\r\n::-webkit-input-placeholder {\r\n    color: #0039aa;\r\n    font-size: 0.9rem;\r\n    font-family: \"Roboto\", sans-serif;\r\n }\r\n \r\n :-moz-placeholder { \/* Firefox 18- *\/\r\n    color: #0039aa; \r\n    font-size: .9rem;\r\n    font-family: \"Roboto\", sans-serif; \r\n }\r\n \r\n ::-moz-placeholder {  \/* Firefox 19+ *\/\r\n    color: #0039aa;  \r\n    font-size: .9rem;\r\n    font-family: \"Roboto\", sans-serif;\r\n }\r\n.email-input-attributes input{\r\n    height: 2rem;\r\n    width: 200px;\r\n    border: 1px solid #0039aa;\r\n    border-radius: .2rem;\r\n}\r\n\r\n\r\n#submit-button{\r\n    margin-bottom: 2rem;\r\n    width: 100px;\r\n    height: 2rem;\r\n    background-color: #0039aa;\r\n    color: #fff;\r\n    border-radius: .5rem;\r\n    font-family: \"Roboto\", sans-serif;\r\n    font-size: 16px;\r\n    font-weight: bold;\r\n    transition: .3s;\r\n    border: none;\r\n}\r\n#submit-button:hover{\r\n    margin-left: .7rem;\r\n}\r\n\r\n}\r\n\r\n\r\n\/* Computador *\/\r\n\r\n@media all and (min-width: 601px) and (max-width: 3000px) {\r\n\r\n    main{\r\n        width: 100%;\r\n        height: 100vh;\r\n        display: flex;\r\n        justify-content: center;\r\n        align-items: center;\r\n    }\r\n    .container-form{\r\n        display: flex;\r\n        justify-content: center;\r\n        width: 700px;\r\n        height: 500px;\r\n    }\r\n    .my-form{\r\n        display: flex;\r\n        align-items: center;\r\n        justify-content: center;\r\n        \/* gap: 20px; *\/\r\n        flex-direction: column;\r\n        border: 3px solid #0039aa;\r\n        margin: 5rem;\r\n        border-radius: .8rem;\r\n        width: 100%;\r\n    }\r\n    \r\n    .my-form h1{\r\n        display: flex;\r\n        padding: 2rem;\r\n        font-family: \"Roboto\", sans-serif;\r\n        color: #0039aa;\r\n        font-size: 2.1em;\r\n    }\r\n    \r\n    .email-input-attributes{\r\n        display: flex;\r\n        align-items: flex-start;\r\n        flex-direction: column;\r\n        margin-bottom: 2rem;\r\n    }\r\n    \r\n    .email-input-attributes label{\r\n        margin-bottom: .6rem;\r\n        color: #0039aa;\r\n        font-weight: bold;\r\n        font-size: 17px;\r\n        font-family: \"Roboto\", sans-serif;\r\n    }\r\n    \r\n    ::-webkit-input-placeholder {\r\n        color: #0039aa;\r\n        font-size: 0.9rem;\r\n        font-family: \"Roboto\", sans-serif;\r\n     }\r\n     \r\n     :-moz-placeholder { \/* Firefox 18- *\/\r\n        color: #0039aa; \r\n        font-size: .9rem;\r\n        font-family: \"Roboto\", sans-serif; \r\n     }\r\n     \r\n     ::-moz-placeholder {  \/* Firefox 19+ *\/\r\n        color: #0039aa;  \r\n        font-size: .9rem;\r\n        font-family: \"Roboto\", sans-serif;\r\n     }\r\n    .email-input-attributes input{\r\n        height: 2rem;\r\n        width: 15rem;\r\n        border: 1px solid #0039aa;\r\n        border-radius: .2rem;\r\n    }\r\n    \r\n    \r\n    input#submit-button{\r\n        display: flex;\r\n        justify-content: center;\r\n        align-items: center;\r\n        margin-bottom: 2rem;\r\n        width: 15rem;\r\n        height: 2rem;\r\n        padding-top: 10px;\r\n        background-color: #0039aa;\r\n        color: #fff;\r\n        border-radius: .5rem;\r\n        font-family: \"Roboto\", sans-serif;\r\n        font-size: 16px;\r\n        font-weight: bold;\r\n        transition: .3s;\r\n        border: none;\r\n    }\r\n    input#submit-button:hover{\r\n        cursor: pointer;\r\n        margin-left: .7rem;\r\n    }\r\n    \r\n}\r\n    <\/style>\r\n    <title>Formul\u00e1rio Certificados<\/title>\r\n  <\/head>\r\n  <body>                \r\n    <main>\r\n      <section class=\"container-form\">\r\n        <form onsubmit=\"enviarFormulario(); return false;\" class=\"my-form\">\r\n          <h1>Emiss\u00e3o de Certificados<\/h1>\r\n          <div class=\"msg\"><\/div>\r\n          <div class=\"email-input-attributes\">\r\n            <label for=\"emailInput\"><b>Digite o seu email<\/label>\r\n            <input type=\"text\" id=\"emailInput\" placeholder=\"   seu.email@exemplo.com\" required\/>\r\n          <\/div>\r\n          <input id=\"submit-button\" type=\"submit\" value=\"Emitir\" \/>\r\n        <\/form>\r\n      <\/section>\r\n    <\/main>\r\n    <script>\r\n    function enviarFormulario() {\r\n      let emailDigitado = document.getElementById(\"emailInput\").value;\r\n      if (emailDigitado === \"carlos.soares0016@gmail.com\") {\r\n        window.location.href = \"https:\/\/kosmosti.com.br\/certificados\/carlos.html\"; \r\n      } else if (emailDigitado === \"danila.silva@umj.edu.br\") {\r\n        window.location.href = \"https:\/\/kosmosti.com.br\/certificados\/danila.html\"; \r\n      } else if (emailDigitado === \"domi_castro@hotmail.com\") {\r\n        window.location.href = \"https:\/\/kosmosti.com.br\/certificados\/dominique.html\"; \r\n      } else if (emailDigitado === \"elricknascimento2022@gmail.com\") {\r\n        window.location.href = \"https:\/\/kosmosti.com.br\/certificados\/elrick.html\"; \r\n      } else if (emailDigitado === \"comercial@kosmosti.com.br\") {\r\n        window.location.href = \"https:\/\/kosmosti.com.br\/certificados\/francisco.html\"; \r\n      } else if (emailDigitado === \"jeisyc203@gmail.com\") {\r\n        window.location.href = \"https:\/\/kosmosti.com.br\/certificados\/jeisy.html\"; \r\n      } else if (emailDigitado === \"margareth.os12@hotmail.com\") {\r\n        window.location.href = \"https:\/\/kosmosti.com.br\/certificados\/margareth.html\"; \r\n      } else if (emailDigitado === \"rafaeldsteixeira@gmail.com\") {\r\n        window.location.href = \"https:\/\/kosmosti.com.br\/certificados\/rafael.html\"; \r\n      } else if (emailDigitado === \"albuquerquev1211@gmail.com\") {\r\n        window.location.href = \"https:\/\/kosmosti.com.br\/certificados\/vitoria.html\"; \r\n      } else if (emailDigitado === \"laize.tonel@umj.edu.br\") {\r\n        window.location.href = \"https:\/\/kosmosti.com.br\/certificados\/tonel.html\"; \r\n      } else if (emailDigitado === \"maria.cristiane@umj.edu.br\") {\r\n        window.location.href = \"https:\/\/kosmosti.com.br\/certificados\/bastos.html\"; \r\n      } else if (emailDigitado === \"maria.leano@umj.edu.br\") {\r\n        window.location.href = \"https:\/\/kosmosti.com.br\/certificados\/leano.html\"; \r\n      } else if (emailDigitado === \"silvania_sapucaia@umj.edu.br\") {\r\n        window.location.href = \"https:\/\/kosmosti.com.br\/certificados\/sapucaia.html\"; \r\n      } else if (emailDigitado === \"taniaholanda@umj.edu.br\") {\r\n        window.location.href = \"https:\/\/kosmosti.com.br\/certificados\/carvalho.html\"; \r\n      } else {\r\n        alert(\"Ol\u00e1! Que pena, seu e-mail n\u00e3o funcionou, certifique-se de que seu e-mail cadastrado est\u00e1 correto ou entre em contato conosco atrav\u00e9s do e-mail tecnologia@kosmosti.com.br.\");\r\n      }\r\n    }\r\n    <\/script>\r\n  <\/body>\r\n<\/html>\r\n\t\t\t\t<\/div>\n\t\t\t\t<\/div>\n\t\t\t\t\t<\/div>\n\t\t<\/div>\n\t\t\t\t\t<\/div>\n\t\t<\/section>\n\t\t\t\t<\/div>\n\t\t","protected":false},"excerpt":{"rendered":"<p>Cookies Este site usa Cookies Este site utiliza cookies para te proporcionar uma melhor experi\u00eancia. Informamos que n\u00e3o coletamos dados pessoais. Saiba mais sobre nossas Pol\u00edticas de Privacidade LGPD &#8211; Lei Geral de Prote\u00e7\u00e3o de Dados. Ao clicar em &#8220;Aceitar todos os cookies&#8221;, voc\u00ea concorda que seu dispositivo pode armazenar cookies de nosso site. ACEITAR [&hellip;]<\/p>\n","protected":false},"author":1,"featured_media":1080,"parent":0,"menu_order":0,"comment_status":"closed","ping_status":"closed","template":"","meta":{"_monsterinsights_skip_tracking":false,"_monsterinsights_sitenote_active":false,"_monsterinsights_sitenote_note":"","_monsterinsights_sitenote_category":0,"site-sidebar-layout":"no-sidebar","site-content-layout":"page-builder","ast-site-content-layout":"default","site-content-style":"default","site-sidebar-style":"default","ast-global-header-display":"","ast-banner-title-visibility":"","ast-main-header-display":"","ast-hfb-above-header-display":"","ast-hfb-below-header-display":"","ast-hfb-mobile-header-display":"","site-post-title":"disabled","ast-breadcrumbs-content":"disabled","ast-featured-img":"disabled","footer-sml-layout":"","theme-transparent-header-meta":"enabled","adv-header-id-meta":"","stick-header-meta":"","header-above-stick-meta":"","header-main-stick-meta":"","header-below-stick-meta":"","astra-migrate-meta-layouts":"default","ast-page-background-enabled":"default","ast-page-background-meta":{"desktop":{"background-color":"","background-image":"","background-repeat":"repeat","background-position":"center center","background-size":"auto","background-attachment":"scroll","background-type":"","background-media":"","overlay-type":"","overlay-color":"","overlay-opacity":"","overlay-gradient":""},"tablet":{"background-color":"","background-image":"","background-repeat":"repeat","background-position":"center center","background-size":"auto","background-attachment":"scroll","background-type":"","background-media":"","overlay-type":"","overlay-color":"","overlay-opacity":"","overlay-gradient":""},"mobile":{"background-color":"","background-image":"","background-repeat":"repeat","background-position":"center center","background-size":"auto","background-attachment":"scroll","background-type":"","background-media":"","overlay-type":"","overlay-color":"","overlay-opacity":"","overlay-gradient":""}},"ast-content-background-meta":{"desktop":{"background-color":"var(--ast-global-color-5)","background-image":"","background-repeat":"repeat","background-position":"center center","background-size":"auto","background-attachment":"scroll","background-type":"","background-media":"","overlay-type":"","overlay-color":"","overlay-opacity":"","overlay-gradient":""},"tablet":{"background-color":"var(--ast-global-color-5)","background-image":"","background-repeat":"repeat","background-position":"center center","background-size":"auto","background-attachment":"scroll","background-type":"","background-media":"","overlay-type":"","overlay-color":"","overlay-opacity":"","overlay-gradient":""},"mobile":{"background-color":"var(--ast-global-color-5)","background-image":"","background-repeat":"repeat","background-position":"center center","background-size":"auto","background-attachment":"scroll","background-type":"","background-media":"","overlay-type":"","overlay-color":"","overlay-opacity":"","overlay-gradient":""}},"footnotes":""},"class_list":["post-1212","page","type-page","status-publish","has-post-thumbnail","hentry"],"aioseo_notices":[],"_links":{"self":[{"href":"https:\/\/kosmosti.com.br\/index.php\/wp-json\/wp\/v2\/pages\/1212","targetHints":{"allow":["GET"]}}],"collection":[{"href":"https:\/\/kosmosti.com.br\/index.php\/wp-json\/wp\/v2\/pages"}],"about":[{"href":"https:\/\/kosmosti.com.br\/index.php\/wp-json\/wp\/v2\/types\/page"}],"author":[{"embeddable":true,"href":"https:\/\/kosmosti.com.br\/index.php\/wp-json\/wp\/v2\/users\/1"}],"replies":[{"embeddable":true,"href":"https:\/\/kosmosti.com.br\/index.php\/wp-json\/wp\/v2\/comments?post=1212"}],"version-history":[{"count":104,"href":"https:\/\/kosmosti.com.br\/index.php\/wp-json\/wp\/v2\/pages\/1212\/revisions"}],"predecessor-version":[{"id":1327,"href":"https:\/\/kosmosti.com.br\/index.php\/wp-json\/wp\/v2\/pages\/1212\/revisions\/1327"}],"wp:featuredmedia":[{"embeddable":true,"href":"https:\/\/kosmosti.com.br\/index.php\/wp-json\/wp\/v2\/media\/1080"}],"wp:attachment":[{"href":"https:\/\/kosmosti.com.br\/index.php\/wp-json\/wp\/v2\/media?parent=1212"}],"curies":[{"name":"wp","href":"https:\/\/api.w.org\/{rel}","templated":true}]}}